{"id":7188,"date":"2025-05-14T12:07:29","date_gmt":"2025-05-14T10:07:29","guid":{"rendered":"https:\/\/cauxpalace.ch\/?page_id=7188"},"modified":"2025-05-14T20:04:39","modified_gmt":"2025-05-14T18:04:39","slug":"acces-mobilite-reduite","status":"publish","type":"page","link":"https:\/\/www.cauxpalace.ch\/fr\/qui-sommes-nous\/acces-mobilite-reduite\/","title":{"rendered":"Acc\u00e8s mobilit\u00e9 r\u00e9duite"},"content":{"rendered":"\n<p><strong>Le Caux Palace et la Villa Maria font partie de l&rsquo;initiative OK:GO !<\/strong><\/p>\n\n\n\n<p>Dans le cadre de notre engagement permanent en faveur de l&rsquo;inclusion et de la cr\u00e9ation d&rsquo;un espace s\u00fbr et accueillant pour tous, la Fondation Caux Initiatives et Changement s&rsquo;est associ\u00e9e en 2024 \u00e0 la <a href=\"https:\/\/www.stv-fst.ch\/fr\">F\u00e9d\u00e9ration suisse du tourisme<\/a> dans le cadre de l <a href=\"https:\/\/www.stv-fst.ch\/fr\/durabilite\/centre-de-competences\/initiative-okgo\">&lsquo;initiative OK:GO,<\/a> mise en place par la <a href=\"https:\/\/www.stv-fst.ch\/fr\">F\u00e9d\u00e9ration suisse du tourisme<\/a>.<\/p>\n\n\n\n<p>Si vous avez des questions, n&rsquo;h\u00e9sitez pas \u00e0 nous contacter par <a href=\"https:\/\/cauxpalace.ch\/access-contact\/\"><strong>EMAIL<\/strong><\/a><strong>.<\/strong><\/p>\n\n\n\n<p><a href=\"https:\/\/www.ginto.guide\/entries\/52b6bcbd-532f-467c-a336-eee5fb360340?lnk_src=business\"><strong>D\u00e9couvrez l&rsquo;accessibilit\u00e9 du<\/strong><\/a> <a href=\"https:\/\/www.ginto.guide\/entries\/52b6bcbd-532f-467c-a336-eee5fb360340?lnk_src=business\"><strong>Caux Palace &amp; Villa Maria<\/strong><\/a><\/p>\n","protected":false},"excerpt":{"rendered":"<p>Le Caux Palace et la Villa Maria font partie de l&rsquo;initiative OK:GO ! Dans le cadre de notre engagement permanent en faveur de l&rsquo;inclusion et de la cr\u00e9ation d&rsquo;un espace s\u00fbr et accueillant pour tous, la Fondation Caux Initiatives et Changement s&rsquo;est associ\u00e9e en 2024 \u00e0 la F\u00e9d\u00e9ration suisse du tourisme dans le cadre de [&hellip;]<\/p>\n","protected":false},"author":6,"featured_media":0,"parent":7393,"menu_order":1,"comment_status":"closed","ping_status":"closed","template":"food-and-catering.php","meta":{"_acf_changed":false,"footnotes":""},"class_list":["post-7188","page","type-page","status-publish","hentry"],"acf":[],"_links":{"self":[{"href":"https:\/\/www.cauxpalace.ch\/fr\/wp-json\/wp\/v2\/pages\/7188","targetHints":{"allow":["GET"]}}],"collection":[{"href":"https:\/\/www.cauxpalace.ch\/fr\/wp-json\/wp\/v2\/pages"}],"about":[{"href":"https:\/\/www.cauxpalace.ch\/fr\/wp-json\/wp\/v2\/types\/page"}],"author":[{"embeddable":true,"href":"https:\/\/www.cauxpalace.ch\/fr\/wp-json\/wp\/v2\/users\/6"}],"replies":[{"embeddable":true,"href":"https:\/\/www.cauxpalace.ch\/fr\/wp-json\/wp\/v2\/comments?post=7188"}],"version-history":[{"count":4,"href":"https:\/\/www.cauxpalace.ch\/fr\/wp-json\/wp\/v2\/pages\/7188\/revisions"}],"predecessor-version":[{"id":7207,"href":"https:\/\/www.cauxpalace.ch\/fr\/wp-json\/wp\/v2\/pages\/7188\/revisions\/7207"}],"up":[{"embeddable":true,"href":"https:\/\/www.cauxpalace.ch\/fr\/wp-json\/wp\/v2\/pages\/7393"}],"wp:attachment":[{"href":"https:\/\/www.cauxpalace.ch\/fr\/wp-json\/wp\/v2\/media?parent=7188"}],"curies":[{"name":"wp","href":"https:\/\/api.w.org\/{rel}","templated":true}]}}