{"id":6241,"date":"2024-02-24T09:21:00","date_gmt":"2024-02-24T08:21:00","guid":{"rendered":"https:\/\/cauxpalace.ch\/?page_id=6241"},"modified":"2024-02-24T09:21:00","modified_gmt":"2024-02-24T08:21:00","slug":"training-facilitation","status":"publish","type":"page","link":"https:\/\/www.cauxpalace.ch\/de\/angebote\/training-facilitation\/","title":{"rendered":"Training &#038; Facilitation"},"content":{"rendered":"\n<p><p>Unser Team bietet ein breites Spektrum an <strong>Trainings-,<\/strong> <strong>Teambuilding- und Facilitationssaktivit\u00e4ten<\/strong>, die auf Ihre Bed\u00fcrfnisse zugeschnitten sind. <\/p><\/p>\n\n\n\n<p>Gastfreundschaft f\u00fcr den Wandel im Caux Palace ist ein ganzheitliches Konzept, das unsere hervorragende Gastfreundschaft mit unserer Expertise in den Bereichen Vertrauensbildung, Friedensf\u00f6rderung und ethischem Leadership verbindet. <\/p>\n\n\n\n<p>F\u00fcr Organisationen, Institutionen und Gruppen, die nach Wegen suchen, um herausfordernde Situationen zu l\u00f6sen oder effizienter zusammenzuarbeiten, bieten wir eine einzigartige Kombination aus massgeschneiderten Inhalten und Prozessdesign sowie Facilitations- und Trainingsangeboten in enger Zusammenarbeit mit unseren Trainerinnen, Trainern, Facilitatorinnen und Facilitatoren.<\/p>\n\n\n\n<figure class=\"wp-block-image size-large\"><img loading=\"lazy\" decoding=\"async\" width=\"1024\" height=\"378\" src=\"\/wp-content\/uploads\/2024\/01\/Inspire-workshop-training-1024x378.png\" alt=\"\" class=\"wp-image-5424\" srcset=\"https:\/\/www.cauxpalace.ch\/wp-content\/uploads\/2024\/01\/Inspire-workshop-training-1024x378.png 1024w, https:\/\/www.cauxpalace.ch\/wp-content\/uploads\/2024\/01\/Inspire-workshop-training-300x111.png 300w, https:\/\/www.cauxpalace.ch\/wp-content\/uploads\/2024\/01\/Inspire-workshop-training-768x283.png 768w, https:\/\/www.cauxpalace.ch\/wp-content\/uploads\/2024\/01\/Inspire-workshop-training-1536x566.png 1536w, https:\/\/www.cauxpalace.ch\/wp-content\/uploads\/2024\/01\/Inspire-workshop-training.png 1600w\" sizes=\"auto, (max-width: 1024px) 100vw, 1024px\" \/><\/figure>\n\n\n\n<p>Die <strong>Ausbildung von Teams und die Faciltiation von Dialogen <\/strong>sind das Herzst\u00fcck der langj\u00e4hrigen Erfahrung von Initiativen der Ver\u00e4nderung im Bereich Frieden und Vertrauensbildung auf der ganzen Welt. <\/p>\n\n\n\n<p>Wir b\u00fcndeln unsere Erfahrung und unser Fachwissen und bieten Facilitationsangebote und Schulungen f\u00fcr Ihre Veranstaltungen im Caux Palace und in der Villa Maria, um <strong>Partizipation zu verbessern, Gespr\u00e4che zu vertiefen, Teamarbeit aufzubauen und Eigenverantwortung zu entwickeln<\/strong>.<\/p>\n\n\n\n<p><a href=\"https:\/\/www.iofc.ch\/training-facilitation\"><strong>MEHR INFORMATIONEN HIER<\/strong><\/a><\/p>\n\n\n\n<figure class=\"wp-block-image size-large\"><img loading=\"lazy\" decoding=\"async\" width=\"1024\" height=\"421\" src=\"\/wp-content\/uploads\/2024\/02\/Day-1-favourite-1cropped-1024x421.jpeg\" alt=\"\" class=\"wp-image-5790\" srcset=\"https:\/\/www.cauxpalace.ch\/wp-content\/uploads\/2024\/02\/Day-1-favourite-1cropped-1024x421.jpeg 1024w, https:\/\/www.cauxpalace.ch\/wp-content\/uploads\/2024\/02\/Day-1-favourite-1cropped-300x123.jpeg 300w, https:\/\/www.cauxpalace.ch\/wp-content\/uploads\/2024\/02\/Day-1-favourite-1cropped-768x316.jpeg 768w, https:\/\/www.cauxpalace.ch\/wp-content\/uploads\/2024\/02\/Day-1-favourite-1cropped.jpeg 1532w\" sizes=\"auto, (max-width: 1024px) 100vw, 1024px\" \/><\/figure>\n\n\n\n<h2 class=\"has-text-align-center wp-block-heading\">Was sie \u00fcber unsere Fortbildungen und Facilitationsangebote sagen<\/h2>\n\n\n\n<p class=\"has-text-align-center\">&#8222;Dies war eine der besten Schulungen, die ich je besucht habe. Die Methoden sind klar und n\u00fctzlich und die Vermittlung ist die perfekte Mischung aus Theorie und Praxis. Ich w\u00fcrde es allen Facilitarinnen und Facilitatoren auf allen Ebenen sehr empfehlen.&#8220;<\/p>\n\n\n\n<p class=\"has-text-align-center\"><em>\u2013 Kali Taylor, International Institute for Sustainable Development<\/em><\/p>\n\n\n\n<p class=\"has-text-align-center\">***<\/p>\n\n\n\n<p class=\"has-text-align-center\">&#8222;Es war eine ausgezeichnete Gelegenheit, die Schl\u00fcsselkompetenzen zu entwickeln und zu verbessern, die f\u00fcr die Erzielung positiver Teamergebnisse erforderlich sind, und gleichzeitig das Vertrauen in die eigenen Facilitationsf\u00e4higkeiten zu st\u00e4rken.<\/p>\n\n\n\n<p class=\"has-text-align-center\"><em>\u2013 Renzo Costa, Geneva Centre for Security Policy<\/em><\/p>\n","protected":false},"excerpt":{"rendered":"<p>Unser Team bietet ein breites Spektrum an Trainings-, Teambuilding- und Facilitationssaktivit\u00e4ten, die auf Ihre Bed\u00fcrfnisse zugeschnitten sind. Gastfreundschaft f\u00fcr den Wandel im Caux Palace ist ein ganzheitliches Konzept, das unsere hervorragende Gastfreundschaft mit unserer Expertise in den Bereichen Vertrauensbildung, Friedensf\u00f6rderung und ethischem Leadership verbindet. F\u00fcr Organisationen, Institutionen und Gruppen, die nach Wegen suchen, um herausfordernde [&hellip;]<\/p>\n","protected":false},"author":6,"featured_media":0,"parent":2881,"menu_order":6,"comment_status":"closed","ping_status":"closed","template":"food-and-catering.php","meta":{"_acf_changed":false,"footnotes":""},"class_list":["post-6241","page","type-page","status-publish","hentry"],"acf":[],"_links":{"self":[{"href":"https:\/\/www.cauxpalace.ch\/de\/wp-json\/wp\/v2\/pages\/6241","targetHints":{"allow":["GET"]}}],"collection":[{"href":"https:\/\/www.cauxpalace.ch\/de\/wp-json\/wp\/v2\/pages"}],"about":[{"href":"https:\/\/www.cauxpalace.ch\/de\/wp-json\/wp\/v2\/types\/page"}],"author":[{"embeddable":true,"href":"https:\/\/www.cauxpalace.ch\/de\/wp-json\/wp\/v2\/users\/6"}],"replies":[{"embeddable":true,"href":"https:\/\/www.cauxpalace.ch\/de\/wp-json\/wp\/v2\/comments?post=6241"}],"version-history":[{"count":2,"href":"https:\/\/www.cauxpalace.ch\/de\/wp-json\/wp\/v2\/pages\/6241\/revisions"}],"predecessor-version":[{"id":6243,"href":"https:\/\/www.cauxpalace.ch\/de\/wp-json\/wp\/v2\/pages\/6241\/revisions\/6243"}],"up":[{"embeddable":true,"href":"https:\/\/www.cauxpalace.ch\/de\/wp-json\/wp\/v2\/pages\/2881"}],"wp:attachment":[{"href":"https:\/\/www.cauxpalace.ch\/de\/wp-json\/wp\/v2\/media?parent=6241"}],"curies":[{"name":"wp","href":"https:\/\/api.w.org\/{rel}","templated":true}]}}